{"id":9,"date":"2022-11-20T17:24:20","date_gmt":"2022-11-20T16:24:20","guid":{"rendered":"http:\/\/www.atelier-dherbouville.com\/?page_id=9"},"modified":"2022-11-20T18:19:49","modified_gmt":"2022-11-20T17:19:49","slug":"accueil","status":"publish","type":"page","link":"https:\/\/www.atelier-dherbouville.com\/","title":{"rendered":"L&#8217;atelier"},"content":{"rendered":"\n<p>Bienvenue chez moi dans mon atelier d&#8217;artiste en plein centre de Rouen, \u00e0 moins de 5 minutes de la gare. Je vous propose de venir m&#8217;y retrouver pour un atelier de peinture acrylique, aquarelle ou de dessin. Quelque soit votre \u00e2ge, votre niveau ou vos envies, je me mets \u00e0 votre disposition pour vous pr\u00e9parer un cours \u00e0 votre image. Chaque \u00e9l\u00e8ve travaillera, pendant des s\u00e9ances de 1h30, le sujet qui lui plaira. Je vous fournis tout le mat\u00e9riel possible pour r\u00e9aliser votre projet. Vous serez au maximum 10 personnes par cours de tout \u00e2ge m\u00e9lang\u00e9.<\/p>\n","protected":false},"excerpt":{"rendered":"<p>Bienvenue chez moi dans mon atelier d&#8217;artiste en plein centre de Rouen, \u00e0 moins de 5 minutes de la gare. Je vous propose de venir m&#8217;y retrouver pour un atelier de peinture acrylique, aquarelle ou de dessin. Quelque soit votre \u00e2ge, votre niveau ou vos envies, je me mets \u00e0 votre disposition pour vous pr\u00e9parer &hellip; <\/p>\n<p class=\"link-more\"><a href=\"https:\/\/www.atelier-dherbouville.com\/\" class=\"more-link\">Continue reading<span class=\"screen-reader-text\"> &#8220;L&#8217;atelier&#8221;<\/span><\/a><\/p>\n","protected":false},"author":1,"featured_media":0,"parent":0,"menu_order":0,"comment_status":"closed","ping_status":"closed","template":"","meta":{"footnotes":""},"class_list":["post-9","page","type-page","status-publish","hentry"],"_links":{"self":[{"href":"https:\/\/www.atelier-dherbouville.com\/index.php\/wp-json\/wp\/v2\/pages\/9","targetHints":{"allow":["GET"]}}],"collection":[{"href":"https:\/\/www.atelier-dherbouville.com\/index.php\/wp-json\/wp\/v2\/pages"}],"about":[{"href":"https:\/\/www.atelier-dherbouville.com\/index.php\/wp-json\/wp\/v2\/types\/page"}],"author":[{"embeddable":true,"href":"https:\/\/www.atelier-dherbouville.com\/index.php\/wp-json\/wp\/v2\/users\/1"}],"replies":[{"embeddable":true,"href":"https:\/\/www.atelier-dherbouville.com\/index.php\/wp-json\/wp\/v2\/comments?post=9"}],"version-history":[{"count":3,"href":"https:\/\/www.atelier-dherbouville.com\/index.php\/wp-json\/wp\/v2\/pages\/9\/revisions"}],"predecessor-version":[{"id":59,"href":"https:\/\/www.atelier-dherbouville.com\/index.php\/wp-json\/wp\/v2\/pages\/9\/revisions\/59"}],"wp:attachment":[{"href":"https:\/\/www.atelier-dherbouville.com\/index.php\/wp-json\/wp\/v2\/media?parent=9"}],"curies":[{"name":"wp","href":"https:\/\/api.w.org\/{rel}","templated":true}]}}